{"id":858,"date":"2024-04-04T10:54:08","date_gmt":"2024-04-04T10:54:08","guid":{"rendered":"https:\/\/jfernandezcastro.com\/?page_id=858"},"modified":"2026-01-17T20:39:33","modified_gmt":"2026-01-17T20:39:33","slug":"frases-para-pensar","status":"publish","type":"page","link":"https:\/\/jfernandezcastro.com\/?page_id=858","title":{"rendered":"Frases para pensar"},"content":{"rendered":"\n<h2 class=\"wp-block-heading has-text-align-left\">Frases para pensar<\/h2>\n\n\n\n<h2 class=\"wp-block-heading has-text-align-center\">Colecci\u00f3n de frases que me han hecho pensar. No son solo ingeniosas o sorprendendes, son frases que muestran las paradojas que surgen cuando confundimos c\u00f3mo nos gustar\u00eda que fuera el mundo con c\u00f3mo es en realidad.<\/h2>\n\n\n\n<figure class=\"wp-block-image size-large\"><img fetchpriority=\"high\" decoding=\"async\" width=\"1024\" height=\"1024\" src=\"https:\/\/jfernandezcastro.com\/wp-content\/uploads\/2026\/01\/Cats-Cradle-1-1024x1024.png\" alt=\"\" class=\"wp-image-1451\" srcset=\"https:\/\/jfernandezcastro.com\/wp-content\/uploads\/2026\/01\/Cats-Cradle-1-1024x1024.png 1024w, https:\/\/jfernandezcastro.com\/wp-content\/uploads\/2026\/01\/Cats-Cradle-1-300x300.png 300w, https:\/\/jfernandezcastro.com\/wp-content\/uploads\/2026\/01\/Cats-Cradle-1-150x150.png 150w, https:\/\/jfernandezcastro.com\/wp-content\/uploads\/2026\/01\/Cats-Cradle-1-768x768.png 768w, https:\/\/jfernandezcastro.com\/wp-content\/uploads\/2026\/01\/Cats-Cradle-1.png 1080w\" sizes=\"(max-width: 1024px) 100vw, 1024px\" \/><\/figure>\n\n\n\n<figure class=\"wp-block-image size-large\"><img decoding=\"async\" width=\"1024\" height=\"1024\" src=\"https:\/\/jfernandezcastro.com\/wp-content\/uploads\/2025\/08\/Vineta-de-Tom-Gauld-1024x1024.png\" alt=\"\" class=\"wp-image-1357\" srcset=\"https:\/\/jfernandezcastro.com\/wp-content\/uploads\/2025\/08\/Vineta-de-Tom-Gauld-1024x1024.png 1024w, https:\/\/jfernandezcastro.com\/wp-content\/uploads\/2025\/08\/Vineta-de-Tom-Gauld-300x300.png 300w, https:\/\/jfernandezcastro.com\/wp-content\/uploads\/2025\/08\/Vineta-de-Tom-Gauld-150x150.png 150w, https:\/\/jfernandezcastro.com\/wp-content\/uploads\/2025\/08\/Vineta-de-Tom-Gauld-768x768.png 768w, https:\/\/jfernandezcastro.com\/wp-content\/uploads\/2025\/08\/Vineta-de-Tom-Gauld.png 1080w\" sizes=\"(max-width: 1024px) 100vw, 1024px\" \/><\/figure>\n\n\n\n<figure class=\"wp-block-image size-large\"><img decoding=\"async\" width=\"1024\" height=\"1024\" src=\"https:\/\/jfernandezcastro.com\/wp-content\/uploads\/2025\/07\/Mugica-el-poder-1-1024x1024.png\" alt=\"\" class=\"wp-image-1351\" srcset=\"https:\/\/jfernandezcastro.com\/wp-content\/uploads\/2025\/07\/Mugica-el-poder-1-1024x1024.png 1024w, https:\/\/jfernandezcastro.com\/wp-content\/uploads\/2025\/07\/Mugica-el-poder-1-300x300.png 300w, https:\/\/jfernandezcastro.com\/wp-content\/uploads\/2025\/07\/Mugica-el-poder-1-150x150.png 150w, https:\/\/jfernandezcastro.com\/wp-content\/uploads\/2025\/07\/Mugica-el-poder-1-768x768.png 768w, https:\/\/jfernandezcastro.com\/wp-content\/uploads\/2025\/07\/Mugica-el-poder-1.png 1080w\" sizes=\"(max-width: 1024px) 100vw, 1024px\" \/><\/figure>\n\n\n\n<figure class=\"wp-block-image size-large\"><img loading=\"lazy\" decoding=\"async\" width=\"1024\" height=\"1024\" src=\"https:\/\/jfernandezcastro.com\/wp-content\/uploads\/2025\/06\/Bacon-1024x1024.png\" alt=\"\" class=\"wp-image-1346\" srcset=\"https:\/\/jfernandezcastro.com\/wp-content\/uploads\/2025\/06\/Bacon-1024x1024.png 1024w, https:\/\/jfernandezcastro.com\/wp-content\/uploads\/2025\/06\/Bacon-300x300.png 300w, https:\/\/jfernandezcastro.com\/wp-content\/uploads\/2025\/06\/Bacon-150x150.png 150w, https:\/\/jfernandezcastro.com\/wp-content\/uploads\/2025\/06\/Bacon-768x768.png 768w, https:\/\/jfernandezcastro.com\/wp-content\/uploads\/2025\/06\/Bacon.png 1080w\" sizes=\"(max-width: 1024px) 100vw, 1024px\" \/><\/figure>\n\n\n\n<figure class=\"wp-block-image size-large\"><img loading=\"lazy\" decoding=\"async\" width=\"1024\" height=\"1024\" src=\"https:\/\/jfernandezcastro.com\/wp-content\/uploads\/2025\/02\/Frase-fanatico-1024x1024.png\" alt=\"\" class=\"wp-image-1274\" srcset=\"https:\/\/jfernandezcastro.com\/wp-content\/uploads\/2025\/02\/Frase-fanatico-1024x1024.png 1024w, https:\/\/jfernandezcastro.com\/wp-content\/uploads\/2025\/02\/Frase-fanatico-300x300.png 300w, https:\/\/jfernandezcastro.com\/wp-content\/uploads\/2025\/02\/Frase-fanatico-150x150.png 150w, https:\/\/jfernandezcastro.com\/wp-content\/uploads\/2025\/02\/Frase-fanatico-768x768.png 768w, https:\/\/jfernandezcastro.com\/wp-content\/uploads\/2025\/02\/Frase-fanatico.png 1080w\" sizes=\"(max-width: 1024px) 100vw, 1024px\" \/><\/figure>\n\n\n\n<figure class=\"wp-block-image size-large\"><img loading=\"lazy\" decoding=\"async\" width=\"1024\" height=\"1024\" src=\"https:\/\/jfernandezcastro.com\/wp-content\/uploads\/2025\/01\/Frase-de-accio-Poetioca-2-1024x1024.png\" alt=\"\" class=\"wp-image-1235\" srcset=\"https:\/\/jfernandezcastro.com\/wp-content\/uploads\/2025\/01\/Frase-de-accio-Poetioca-2-1024x1024.png 1024w, https:\/\/jfernandezcastro.com\/wp-content\/uploads\/2025\/01\/Frase-de-accio-Poetioca-2-300x300.png 300w, https:\/\/jfernandezcastro.com\/wp-content\/uploads\/2025\/01\/Frase-de-accio-Poetioca-2-150x150.png 150w, https:\/\/jfernandezcastro.com\/wp-content\/uploads\/2025\/01\/Frase-de-accio-Poetioca-2-768x768.png 768w, https:\/\/jfernandezcastro.com\/wp-content\/uploads\/2025\/01\/Frase-de-accio-Poetioca-2.png 1080w\" sizes=\"(max-width: 1024px) 100vw, 1024px\" \/><\/figure>\n\n\n\n<figure class=\"wp-block-image size-large\"><img loading=\"lazy\" decoding=\"async\" width=\"1024\" height=\"1024\" src=\"https:\/\/jfernandezcastro.com\/wp-content\/uploads\/2024\/12\/Frase-de-Cervantes--1024x1024.png\" alt=\"\" class=\"wp-image-1212\" srcset=\"https:\/\/jfernandezcastro.com\/wp-content\/uploads\/2024\/12\/Frase-de-Cervantes--1024x1024.png 1024w, https:\/\/jfernandezcastro.com\/wp-content\/uploads\/2024\/12\/Frase-de-Cervantes--300x300.png 300w, https:\/\/jfernandezcastro.com\/wp-content\/uploads\/2024\/12\/Frase-de-Cervantes--150x150.png 150w, https:\/\/jfernandezcastro.com\/wp-content\/uploads\/2024\/12\/Frase-de-Cervantes--768x768.png 768w, https:\/\/jfernandezcastro.com\/wp-content\/uploads\/2024\/12\/Frase-de-Cervantes-.png 1080w\" sizes=\"(max-width: 1024px) 100vw, 1024px\" \/><\/figure>\n\n\n\n<figure class=\"wp-block-image size-large\"><img loading=\"lazy\" decoding=\"async\" width=\"1024\" height=\"1024\" src=\"https:\/\/jfernandezcastro.com\/wp-content\/uploads\/2024\/11\/Frase-de-la-hormiga-3-1024x1024.png\" alt=\"\" class=\"wp-image-1158\" srcset=\"https:\/\/jfernandezcastro.com\/wp-content\/uploads\/2024\/11\/Frase-de-la-hormiga-3-1024x1024.png 1024w, https:\/\/jfernandezcastro.com\/wp-content\/uploads\/2024\/11\/Frase-de-la-hormiga-3-300x300.png 300w, https:\/\/jfernandezcastro.com\/wp-content\/uploads\/2024\/11\/Frase-de-la-hormiga-3-150x150.png 150w, https:\/\/jfernandezcastro.com\/wp-content\/uploads\/2024\/11\/Frase-de-la-hormiga-3-768x768.png 768w, https:\/\/jfernandezcastro.com\/wp-content\/uploads\/2024\/11\/Frase-de-la-hormiga-3.png 1080w\" sizes=\"(max-width: 1024px) 100vw, 1024px\" \/><\/figure>\n\n\n\n<figure class=\"wp-block-image size-large\"><img loading=\"lazy\" decoding=\"async\" width=\"1024\" height=\"1024\" src=\"https:\/\/jfernandezcastro.com\/wp-content\/uploads\/2024\/11\/Kapuscinski-1024x1024.jpg\" alt=\"\" class=\"wp-image-1149\" srcset=\"https:\/\/jfernandezcastro.com\/wp-content\/uploads\/2024\/11\/Kapuscinski-1024x1024.jpg 1024w, https:\/\/jfernandezcastro.com\/wp-content\/uploads\/2024\/11\/Kapuscinski-300x300.jpg 300w, https:\/\/jfernandezcastro.com\/wp-content\/uploads\/2024\/11\/Kapuscinski-150x150.jpg 150w, https:\/\/jfernandezcastro.com\/wp-content\/uploads\/2024\/11\/Kapuscinski-768x768.jpg 768w, https:\/\/jfernandezcastro.com\/wp-content\/uploads\/2024\/11\/Kapuscinski.jpg 1080w\" sizes=\"(max-width: 1024px) 100vw, 1024px\" \/><\/figure>\n\n\n\n<figure class=\"wp-block-image size-large is-resized\"><img loading=\"lazy\" decoding=\"async\" width=\"1024\" height=\"1024\" src=\"https:\/\/jfernandezcastro.com\/wp-content\/uploads\/2024\/04\/Post-instagram-quote-frase-1024x1024.jpg\" alt=\"\" class=\"wp-image-859\" style=\"width:768px;height:auto\" srcset=\"https:\/\/jfernandezcastro.com\/wp-content\/uploads\/2024\/04\/Post-instagram-quote-frase-1024x1024.jpg 1024w, https:\/\/jfernandezcastro.com\/wp-content\/uploads\/2024\/04\/Post-instagram-quote-frase-300x300.jpg 300w, https:\/\/jfernandezcastro.com\/wp-content\/uploads\/2024\/04\/Post-instagram-quote-frase-150x150.jpg 150w, https:\/\/jfernandezcastro.com\/wp-content\/uploads\/2024\/04\/Post-instagram-quote-frase-768x768.jpg 768w, https:\/\/jfernandezcastro.com\/wp-content\/uploads\/2024\/04\/Post-instagram-quote-frase-100x100.jpg 100w, https:\/\/jfernandezcastro.com\/wp-content\/uploads\/2024\/04\/Post-instagram-quote-frase.jpg 1080w\" sizes=\"(max-width: 1024px) 100vw, 1024px\" \/><\/figure>\n\n\n\n<p><\/p>\n\n\n\n<p><\/p>\n","protected":false},"excerpt":{"rendered":"<p>Frases para pensar Colecci\u00f3n de frases que me han hecho pensar. No son solo ingeniosas o sorprendendes, son frases que muestran las paradojas que surgen cuando confundimos c\u00f3mo nos gustar\u00eda que fuera el mundo con c\u00f3mo es en realidad.<\/p>\n","protected":false},"author":2,"featured_media":0,"parent":0,"menu_order":1,"comment_status":"closed","ping_status":"closed","template":"","meta":{"om_disable_all_campaigns":false,"_monsterinsights_skip_tracking":false,"_monsterinsights_sitenote_active":false,"_monsterinsights_sitenote_note":"","_monsterinsights_sitenote_category":0,"_uf_show_specific_survey":0,"_uf_disable_surveys":false,"footnotes":""},"class_list":["post-858","page","type-page","status-publish","hentry"],"aioseo_notices":[],"_links":{"self":[{"href":"https:\/\/jfernandezcastro.com\/index.php?rest_route=\/wp\/v2\/pages\/858","targetHints":{"allow":["GET"]}}],"collection":[{"href":"https:\/\/jfernandezcastro.com\/index.php?rest_route=\/wp\/v2\/pages"}],"about":[{"href":"https:\/\/jfernandezcastro.com\/index.php?rest_route=\/wp\/v2\/types\/page"}],"author":[{"embeddable":true,"href":"https:\/\/jfernandezcastro.com\/index.php?rest_route=\/wp\/v2\/users\/2"}],"replies":[{"embeddable":true,"href":"https:\/\/jfernandezcastro.com\/index.php?rest_route=%2Fwp%2Fv2%2Fcomments&post=858"}],"version-history":[{"count":21,"href":"https:\/\/jfernandezcastro.com\/index.php?rest_route=\/wp\/v2\/pages\/858\/revisions"}],"predecessor-version":[{"id":1453,"href":"https:\/\/jfernandezcastro.com\/index.php?rest_route=\/wp\/v2\/pages\/858\/revisions\/1453"}],"wp:attachment":[{"href":"https:\/\/jfernandezcastro.com\/index.php?rest_route=%2Fwp%2Fv2%2Fmedia&parent=858"}],"curies":[{"name":"wp","href":"https:\/\/api.w.org\/{rel}","templated":true}]}}