{"id":23,"date":"2021-05-12T12:50:11","date_gmt":"2021-05-12T12:50:11","guid":{"rendered":"http:\/\/jfernandezcastro.com\/?page_id=23"},"modified":"2025-02-08T17:41:02","modified_gmt":"2025-02-08T17:41:02","slug":"sobre-mi-about","status":"publish","type":"page","link":"https:\/\/jfernandezcastro.com\/?page_id=23","title":{"rendered":"Sobre mi \/ About"},"content":{"rendered":"\n<div class=\"wp-block-cover alignfull is-light\" style=\"min-height:385px;aspect-ratio:unset;\"><span aria-hidden=\"true\" class=\"wp-block-cover__background has-background-dim-100 has-background-dim\" style=\"background-color:#ffffff\"><\/span><div class=\"wp-block-cover__inner-container is-layout-flow wp-block-cover-is-layout-flow\">\n<div class=\"wp-block-media-text alignwide is-stacked-on-mobile is-vertically-aligned-center is-image-fill-element\" style=\"grid-template-columns:15% auto\"><figure class=\"wp-block-media-text__media\"><img fetchpriority=\"high\" decoding=\"async\" width=\"761\" height=\"1024\" src=\"https:\/\/jfernandezcastro.com\/wp-content\/uploads\/2021\/05\/11_096_P_057_Orla-3-761x1024.jpg\" alt=\"\" class=\"wp-image-128 size-full\" style=\"object-position:50% 50%\" srcset=\"https:\/\/jfernandezcastro.com\/wp-content\/uploads\/2021\/05\/11_096_P_057_Orla-3-761x1024.jpg 761w, https:\/\/jfernandezcastro.com\/wp-content\/uploads\/2021\/05\/11_096_P_057_Orla-3-223x300.jpg 223w, https:\/\/jfernandezcastro.com\/wp-content\/uploads\/2021\/05\/11_096_P_057_Orla-3-768x1033.jpg 768w, https:\/\/jfernandezcastro.com\/wp-content\/uploads\/2021\/05\/11_096_P_057_Orla-3.jpg 1053w\" sizes=\"(max-width: 761px) 100vw, 761px\" \/><\/figure><div class=\"wp-block-media-text__content\">\n<h2 class=\"wp-block-heading has-text-color\" style=\"color:#000000;font-size:clamp(20px, 1.25rem + ((1vw - 3.2px) * 1.364), 32px);\">\u00a1<strong>Hola!<\/strong><\/h2>\n\n\n\n<p class=\"has-text-color\" style=\"color:#000000;font-size:clamp(14px, 0.875rem + ((1vw - 3.2px) * 0.341), 17px);\">Soy Jordi Fern\u00e1ndez-Castro. Catedr\u00e1tico de Psicolog\u00eda en la Universitat Aut\u00f2noma de Barcelona. Ahora, Profesor Em\u00e9rito. Pertenezco al Grupo de Investigaci\u00f3n en Estr\u00e9s y Salud (GIES). Soy Editor de la revista <em>Quaderns de Psicologia. International Journal of Psychology.<\/em><\/p>\n\n\n\n<div class=\"wp-block-buttons is-layout-flex wp-block-buttons-is-layout-flex\">\n<div class=\"wp-block-button is-style-fill\"><a class=\"wp-block-button__link wp-element-button\" href=\"https:\/\/orcid.org\/0000-0001-7725-3506\">Open Researcher and Contributor ID (ORCID)<\/a><\/div>\n\n\n\n<div class=\"wp-block-button is-style-fill\"><a class=\"wp-block-button__link wp-element-button\" href=\"https:\/\/www.researchgate.net\/profile\/Jordi-Fernandez-Castro\">Research Gate<\/a><\/div>\n\n\n\n<div class=\"wp-block-button is-style-fill\"><a class=\"wp-block-button__link wp-element-button\" href=\"https:\/\/jfernandezcastro.com\/wp-content\/uploads\/2024\/06\/CV-Jordi-Fernandez-Castro.pdf\">Curriculum Vitae<\/a><\/div>\n\n\n\n<div class=\"wp-block-button is-style-fill\"><a class=\"wp-block-button__link wp-element-button\">Facebook<\/a><\/div>\n<\/div>\n<\/div><\/div>\n<\/div><\/div>\n\n\n\n<hr class=\"wp-block-separator has-alpha-channel-opacity\"\/>\n\n\n\n<div class=\"wp-block-cover alignfull is-light\" style=\"min-height:385px;aspect-ratio:unset;\"><span aria-hidden=\"true\" class=\"wp-block-cover__background has-background-dim-100 has-background-dim\" style=\"background-color:#ffffff\"><\/span><div class=\"wp-block-cover__inner-container is-layout-flow wp-block-cover-is-layout-flow\">\n<div class=\"wp-block-media-text alignwide is-stacked-on-mobile is-vertically-aligned-center is-image-fill-element\" style=\"grid-template-columns:15% auto\"><figure class=\"wp-block-media-text__media\"><img decoding=\"async\" width=\"673\" height=\"1024\" src=\"https:\/\/jfernandezcastro.com\/wp-content\/uploads\/2022\/10\/LIBERTA-DEL-ESTRES-Alta-2-673x1024.jpg\" alt=\"\" class=\"wp-image-657 size-full\" style=\"object-position:50% 50%\" srcset=\"https:\/\/jfernandezcastro.com\/wp-content\/uploads\/2022\/10\/LIBERTA-DEL-ESTRES-Alta-2-673x1024.jpg 673w, https:\/\/jfernandezcastro.com\/wp-content\/uploads\/2022\/10\/LIBERTA-DEL-ESTRES-Alta-2-197x300.jpg 197w, https:\/\/jfernandezcastro.com\/wp-content\/uploads\/2022\/10\/LIBERTA-DEL-ESTRES-Alta-2-768x1168.jpg 768w, https:\/\/jfernandezcastro.com\/wp-content\/uploads\/2022\/10\/LIBERTA-DEL-ESTRES-Alta-2-1010x1536.jpg 1010w, https:\/\/jfernandezcastro.com\/wp-content\/uploads\/2022\/10\/LIBERTA-DEL-ESTRES-Alta-2-1346x2048.jpg 1346w, https:\/\/jfernandezcastro.com\/wp-content\/uploads\/2022\/10\/LIBERTA-DEL-ESTRES-Alta-2.jpg 1654w\" sizes=\"(max-width: 673px) 100vw, 673px\" \/><\/figure><div class=\"wp-block-media-text__content\">\n<h2 class=\"wp-block-heading has-text-color\" style=\"color:#000000;font-size:clamp(20px, 1.25rem + ((1vw - 3.2px) * 1.364), 32px);\">Lib\u00e9rate del estr\u00e9s. Claves para reconocer los s\u00edntomas y aprender a gestionarlos.<\/h2>\n\n\n\n<p>En este libro intento romper t\u00f3picos y exponer el estudio cient\u00edfico del estr\u00e9s y de c\u00f3mo afrontarlo.<\/p>\n\n\n\n<div class=\"wp-block-buttons is-layout-flex wp-block-buttons-is-layout-flex\">\n<div class=\"wp-block-button is-style-fill\"><a class=\"wp-block-button__link wp-element-button\" href=\"https:\/\/www.rbalibros.com\/rba-no-ficcion\/liberate-del-estres_4874\" target=\"_blank\" rel=\"noreferrer noopener\">M\u00e1s informaci\u00f3n<\/a><\/div>\n<\/div>\n<\/div><\/div>\n<\/div><\/div>\n\n\n\n<p><\/p>\n","protected":false},"excerpt":{"rendered":"","protected":false},"author":1,"featured_media":0,"parent":0,"menu_order":4,"comment_status":"closed","ping_status":"closed","template":"","meta":{"om_disable_all_campaigns":false,"_monsterinsights_skip_tracking":false,"_monsterinsights_sitenote_active":false,"_monsterinsights_sitenote_note":"","_monsterinsights_sitenote_category":0,"_uf_show_specific_survey":0,"_uf_disable_surveys":false,"footnotes":""},"class_list":["post-23","page","type-page","status-publish","hentry"],"aioseo_notices":[],"_links":{"self":[{"href":"https:\/\/jfernandezcastro.com\/index.php?rest_route=\/wp\/v2\/pages\/23","targetHints":{"allow":["GET"]}}],"collection":[{"href":"https:\/\/jfernandezcastro.com\/index.php?rest_route=\/wp\/v2\/pages"}],"about":[{"href":"https:\/\/jfernandezcastro.com\/index.php?rest_route=\/wp\/v2\/types\/page"}],"author":[{"embeddable":true,"href":"https:\/\/jfernandezcastro.com\/index.php?rest_route=\/wp\/v2\/users\/1"}],"replies":[{"embeddable":true,"href":"https:\/\/jfernandezcastro.com\/index.php?rest_route=%2Fwp%2Fv2%2Fcomments&post=23"}],"version-history":[{"count":37,"href":"https:\/\/jfernandezcastro.com\/index.php?rest_route=\/wp\/v2\/pages\/23\/revisions"}],"predecessor-version":[{"id":1269,"href":"https:\/\/jfernandezcastro.com\/index.php?rest_route=\/wp\/v2\/pages\/23\/revisions\/1269"}],"wp:attachment":[{"href":"https:\/\/jfernandezcastro.com\/index.php?rest_route=%2Fwp%2Fv2%2Fmedia&parent=23"}],"curies":[{"name":"wp","href":"https:\/\/api.w.org\/{rel}","templated":true}]}}