{"id":151,"date":"2021-05-31T11:20:27","date_gmt":"2021-05-31T11:20:27","guid":{"rendered":"http:\/\/jfernandezcastro.com\/?page_id=151"},"modified":"2024-11-22T17:07:25","modified_gmt":"2024-11-22T17:07:25","slug":"151-2","status":"publish","type":"page","link":"https:\/\/jfernandezcastro.com\/?page_id=151","title":{"rendered":"SOBRE ESTE BLOG"},"content":{"rendered":"\n<p>Este es un blog que habla de Psicolog\u00eda, Sociedad y Salud.<\/p>\n\n\n\n<p>Este blog intenta huir de los temas t\u00f3picos de la divulgaci\u00f3n psicol\u00f3gica, reexaminado cr\u00edticamente las ideas t\u00edpicas que se van repitiendo continuamente sin analizarlas.<\/p>\n\n\n\n<p>En este blog las conclusiones son propias y originales del autor, pero siempre se argumentan bas\u00e1ndose en datos emp\u00edricos provenientes de las fuentes primarias de la investigaci\u00f3n cient\u00edfica (Las fuentes primarias son los escritos originales de los propios cient\u00edficos, las fuentes secundarias son texto que explican lo que hicieron los cient\u00edficos).<\/p>\n\n\n\n<p>Se consideran datos cient\u00edficos provenientes tanto de las ciencias biol\u00f3gicas, como de las ciencias sociales, analizando la interacci\u00f3n entre factores gen\u00e9ticos, ambientales y culturales.<\/p>\n\n\n\n<p><\/p>\n\n\n\n<figure class=\"wp-block-gallery has-nested-images columns-default is-cropped wp-block-gallery-1 is-layout-flex wp-block-gallery-is-layout-flex\">\n<figure class=\"wp-block-image size-large\"><img fetchpriority=\"high\" decoding=\"async\" width=\"1024\" height=\"768\" data-id=\"611\" src=\"https:\/\/jfernandezcastro.com\/wp-content\/uploads\/2022\/07\/Blog.jpg\" alt=\"\" class=\"wp-image-611\" srcset=\"https:\/\/jfernandezcastro.com\/wp-content\/uploads\/2022\/07\/Blog.jpg 1024w, https:\/\/jfernandezcastro.com\/wp-content\/uploads\/2022\/07\/Blog-300x225.jpg 300w, https:\/\/jfernandezcastro.com\/wp-content\/uploads\/2022\/07\/Blog-768x576.jpg 768w\" sizes=\"(max-width: 1024px) 100vw, 1024px\" \/><\/figure>\n<\/figure>\n","protected":false},"excerpt":{"rendered":"<p>Este es un blog que habla de Psicolog\u00eda, Sociedad y Salud. Este blog intenta huir de los temas t\u00f3picos de la divulgaci\u00f3n psicol\u00f3gica, reexaminado cr\u00edticamente las ideas t\u00edpicas que se van repitiendo continuamente sin analizarlas. En este blog las conclusiones son propias y originales del autor, pero siempre se argumentan bas\u00e1ndose en datos emp\u00edricos provenientes [&hellip;]<\/p>\n","protected":false},"author":2,"featured_media":0,"parent":0,"menu_order":3,"comment_status":"closed","ping_status":"closed","template":"","meta":{"om_disable_all_campaigns":false,"_monsterinsights_skip_tracking":false,"_monsterinsights_sitenote_active":false,"_monsterinsights_sitenote_note":"","_monsterinsights_sitenote_category":0,"_uf_show_specific_survey":0,"_uf_disable_surveys":false,"footnotes":""},"class_list":["post-151","page","type-page","status-publish","hentry"],"aioseo_notices":[],"_links":{"self":[{"href":"https:\/\/jfernandezcastro.com\/index.php?rest_route=\/wp\/v2\/pages\/151","targetHints":{"allow":["GET"]}}],"collection":[{"href":"https:\/\/jfernandezcastro.com\/index.php?rest_route=\/wp\/v2\/pages"}],"about":[{"href":"https:\/\/jfernandezcastro.com\/index.php?rest_route=\/wp\/v2\/types\/page"}],"author":[{"embeddable":true,"href":"https:\/\/jfernandezcastro.com\/index.php?rest_route=\/wp\/v2\/users\/2"}],"replies":[{"embeddable":true,"href":"https:\/\/jfernandezcastro.com\/index.php?rest_route=%2Fwp%2Fv2%2Fcomments&post=151"}],"version-history":[{"count":20,"href":"https:\/\/jfernandezcastro.com\/index.php?rest_route=\/wp\/v2\/pages\/151\/revisions"}],"predecessor-version":[{"id":1036,"href":"https:\/\/jfernandezcastro.com\/index.php?rest_route=\/wp\/v2\/pages\/151\/revisions\/1036"}],"wp:attachment":[{"href":"https:\/\/jfernandezcastro.com\/index.php?rest_route=%2Fwp%2Fv2%2Fmedia&parent=151"}],"curies":[{"name":"wp","href":"https:\/\/api.w.org\/{rel}","templated":true}]}}